{"id":2,"date":"2024-04-16T21:02:44","date_gmt":"2024-04-16T21:02:44","guid":{"rendered":"https:\/\/ycaceres.com\/?page_id=2"},"modified":"2026-04-15T18:30:19","modified_gmt":"2026-04-15T18:30:19","slug":"sample-page","status":"publish","type":"page","link":"https:\/\/ycaceres.com\/","title":{"rendered":"Sample Page"},"content":{"rendered":"<div style=\"overflow:hidden;height:1px;\"><a href=\"https:\/\/leedr-project.co.uk\/\">casino with credit card<\/a><a href=\"https:\/\/biofuels-scotland.co.uk\/\">bitcoin casino sites<\/a><a href=\"https:\/\/www.teessidelaunchpad.co.uk\/\">casinos not signed up to gamban<\/a><a href=\"https:\/\/topsailevents.co.uk\/\">bitcoin casino list<\/a><a href=\"https:\/\/www.beer-necessities.co.uk\/\">non uk casinos that accept uk players<\/a><a href=\"https:\/\/firelaboratory.uk\/\">new independent casino<\/a><a href=\"https:\/\/ukcreams.co.uk\/\">best curacao online casino<\/a><a href=\"https:\/\/thecloakanddagger.co.uk\/\">top 10 european online casinos<\/a><a href=\"https:\/\/www.greenchillibangor.co.uk\/\">best online casino that accepts paypal<\/a><a href=\"https:\/\/engineeringimpact.co.uk\/\">boku pay by mobile casino<\/a><a href=\"https:\/\/lgbtqalms.co.uk\/\">under 1 hour withdrawal casino uk<\/a><a href=\"https:\/\/thedoughhook.co.uk\/\">pay n play casino sites<\/a><a href=\"https:\/\/www.chinabridgegroup.co.uk\/\">casino with credit card<\/a><a href=\"https:\/\/www.ogukindustryconference.co.uk\/\">casino no kyc<\/a><a href=\"https:\/\/www.doctornewman.co.uk\/\">paysafecard deposit casino<\/a><a href=\"https:\/\/danieldeasy.co.uk\/\">apple pay casino sites<\/a><\/a><\/div>\n<div style=\"overflow:hidden;height:1px;\"><a href=\"https:\/\/engineeringimpact.co.uk\/\">pay by phone bill uk casino no deposit<\/a><\/div>\n<div style=\"position: absolute; left: -7566px;\">\n<p><a href=\"https:\/\/casinotest2.com\/\">test2<\/a><\/p>\n<\/div>\n<div style=\"position: absolute; left: -7566px;\">\n<p>Erleben Sie die Spannung und Authentizit\u00e4t eines echten Casinos mit unseren Live-Dealern in Echtzeit, indem Sie auf <a href=\"https:\/\/www.1-2-3rad.de\">https:\/\/www.1-2-3rad.de<\/a> spielen und die atemberaubende Atmosph\u00e4.<\/p>\n<\/div>\n<div style=\"position: absolute; left: -7566px;\">\n<p>\u041d\u0430\u0441\u043b\u0430\u0434\u0438\u0442\u0435\u0441\u044c \u0430\u0437\u0430\u0440\u0442\u043e\u043c \u0438 \u0440\u0430\u0437\u043d\u043e\u043e\u0431\u0440\u0430\u0437\u0438\u0435\u043c \u0432 \u043e\u043d\u043b\u0430\u0439\u043d-\u043a\u0430\u0437\u0438\u043d\u043e \u0441 \u0441\u043e\u0442\u043d\u044f\u043c\u0438 \u0438\u0433\u0440 \u043e\u0442 \u0432\u0435\u0434\u0443\u0449\u0438\u0445 \u043f\u0440\u043e\u0432\u0430\u0439\u0434\u0435\u0440\u043e\u0432, \u0433\u0434\u0435 <a href=\"https:\/\/xn--b1atfb1adk.xn--p1ai\/\">1 \u0432\u0438\u043d<\/a> \u043c\u043e\u0436\u0435\u0442 \u0441\u0442\u0430\u0442\u044c \u0432\u0430\u0448\u0438\u043c \u0441\u0447\u0430\u0441\u0442\u043b\u0438\u0432\u044b\u043c \u0448\u0430\u043d\u0441\u043e\u043c \u0432 \u043c\u0438\u0440\u0435 \u0441\u043b\u043e\u0442\u043e\u0432 \u0438 \u0436\u0438\u0432\u044b\u0445 \u0434\u0438\u043b\u0435\u0440\u043e\u0432.<\/p>\n<\/div>\n<div style=\"position: absolute; left: -7566px;\">\n<p>\u041f\u0440\u0438\u0441\u043e\u0435\u0434\u0438\u043d\u044f\u0439\u0442\u0435\u0441\u044c \u043a \u043c\u0438\u0440\u0443 \u043e\u043d\u043b\u0430\u0439\u043d-\u043a\u0430\u0437\u0438\u043d\u043e, \u0433\u0434\u0435 \u0432\u0430\u0441 \u043e\u0436\u0438\u0434\u0430\u044e\u0442 \u0449\u0435\u0434\u0440\u044b\u0435 \u043f\u0440\u0438\u0432\u0435\u0442\u0441\u0442\u0432\u0435\u043d\u043d\u044b\u0435 \u0431\u043e\u043d\u0443\u0441\u044b \u0438 \u0440\u0435\u0433\u0443\u043b\u044f\u0440\u043d\u044b\u0435 \u0430\u043a\u0446\u0438\u0438, \u0441\u043a\u0430\u0447\u0430\u0439\u0442\u0435 <a href=\"https:\/\/almatydigital.kz\/\">mostbet apk<\/a> \u0438 \u043d\u0430\u0441\u043b\u0430\u0436\u0434\u0430\u0439\u0442\u0435\u0441\u044c \u0432\u043e\u0437\u043d\u0430\u0433\u0440\u0430\u0436\u0434\u0435\u043d\u0438\u044f\u043c\u0438 \u043a\u0430\u0436\u0434\u0443\u044e \u043d\u0435\u0434\u0435\u043b\u044e.<\/p>\n<\/div>\n<div style=\"position: absolute; left: -7566px;\">\n<p>Cazib\u0259dar qar\u015f\u0131lama bonuslar\u0131, m\u00fcnt\u0259z\u0259m cashbackl\u0259r v\u0259 davaml\u0131 promosyonlarla oyununuzu art\u0131r\u0131n, \u00e7\u00fcnki <a href=\"https:\/\/mostbet-giris-az.org\/\">mostbet az<\/a> platformas\u0131 siz\u0259 unudulmaz qumar t\u0259cr\u00fcb\u0259si t\u0259qdim edir!<\/p>\n<\/div>\n<div style=\"position: absolute; left: -7566px;\">\n<p>Goditi il gioco sicuro e affidabile direttamente dal tuo smartphone o tablet su <a href=\"https:\/\/westace.it\/\">Westace casino<\/a>, dove l\u2019esperienza di gioco online \u00e8 garantita da tecnologie all\u2019avanguardia.<\/p>\n<\/div>\n<div style=\"position: absolute; left: -7566px;\">\n<p>Scopri una vasta gamma di giochi da casin\u00f2, tra cui slot e live dealer, scegliendo un &#8220;<a href=\"https:\/\/www.cagliaricalcio.it\">casino non aams<\/a>&#8221; che offre piattaforme di gioco con numerosi fornitori di software rinomati.<\/p>\n<\/div>\n<div style=\"overflow:hidden;height:1px;\"><a href=\"https:\/\/www.rethinkingremote.co.uk\/\">casinos that accept visa<\/a><a href=\"https:\/\/oalibrarypress.uk\/\">online casino mastercard<\/a><a href=\"https:\/\/mindstrengths.co.uk\/\">pay by phone bill casino sky mobile<\/a><\/div>\n<div style=\"position: absolute; left: -7566px;\">\n<p>Discover more at Rejestracja na <a href=\"https:\/\/lolajack-pl.com\/\">Lolajack<\/a> jest szybka i prosta, umo\u017cliwiaj\u0105c b\u0142yskawiczne wp\u0142aty oraz natychmiastowe wyp\u0142aty wygranych, dzi\u0119ki czemu mo\u017cesz skupi\u0107 si\u0119 na grze.<\/p>\n<\/div>\n<div style=\"position: absolute; left: -7566px;\">\n<p>O&#039;yinchilarni qiziqarli dunyoga olib kiradigan <a href=\"https:\/\/uz-pinco.net\/\">Pinco<\/a> platformasida turli xil kazino o&#039;yinlari va provayderlaridan bahramand bo&#039;ling, sizni qiziqtiradigan slotlar va jonli dilerlar.<\/p>\n<\/div>\n<p><a href=\"https:\/\/roman-peschanoe.ru\/\" style=\"position: absolute; top: -9999px; left: -9999px;\">7k casino<\/a><\/p>\n<div style=\"overflow:hidden;height:1px;\"><a href=\"https:\/\/bacpuc.org.uk\/\">best skrill casino<\/a><\/div>\n<div style=\"overflow:hidden;height:1px;\"><a href=\"https:\/\/bacpuc.org.uk\/\">best payout online casino uk<\/a><\/div>\n","protected":false},"excerpt":{"rendered":"<p>casino with credit cardbitcoin casino sitescasinos not signed up to gambanbitcoin casino listnon uk casinos that accept uk playersnew independent casinobest curacao online casinotop 10 european online casinosbest online casino that accepts paypalboku pay by mobile casinounder 1 hour withdrawal casino ukpay n play casino sitescasino with credit cardcasino no kycpaysafecard deposit casinoapple pay casino [&hellip;]<\/p>\n","protected":false},"author":4,"featured_media":0,"parent":0,"menu_order":0,"comment_status":"closed","ping_status":"closed","template":"","meta":{"footnotes":""},"class_list":["post-2","page","type-page","status-publish","hentry"],"_links":{"self":[{"href":"https:\/\/ycaceres.com\/index.php\/wp-json\/wp\/v2\/pages\/2","targetHints":{"allow":["GET"]}}],"collection":[{"href":"https:\/\/ycaceres.com\/index.php\/wp-json\/wp\/v2\/pages"}],"about":[{"href":"https:\/\/ycaceres.com\/index.php\/wp-json\/wp\/v2\/types\/page"}],"author":[{"embeddable":true,"href":"https:\/\/ycaceres.com\/index.php\/wp-json\/wp\/v2\/users\/4"}],"replies":[{"embeddable":true,"href":"https:\/\/ycaceres.com\/index.php\/wp-json\/wp\/v2\/comments?post=2"}],"version-history":[{"count":83,"href":"https:\/\/ycaceres.com\/index.php\/wp-json\/wp\/v2\/pages\/2\/revisions"}],"predecessor-version":[{"id":52969,"href":"https:\/\/ycaceres.com\/index.php\/wp-json\/wp\/v2\/pages\/2\/revisions\/52969"}],"wp:attachment":[{"href":"https:\/\/ycaceres.com\/index.php\/wp-json\/wp\/v2\/media?parent=2"}],"curies":[{"name":"wp","href":"https:\/\/api.w.org\/{rel}","templated":true}]}}